{"id":76,"date":"2014-09-26T17:24:29","date_gmt":"2014-09-26T17:24:29","guid":{"rendered":"http:\/\/192.168.1.104\/enfold-photography\/?page_id=25"},"modified":"2019-03-18T15:51:24","modified_gmt":"2019-03-18T14:51:24","slug":"portfolio","status":"publish","type":"page","link":"http:\/\/www.patrickdunst.at\/es\/portfolio\/","title":{"rendered":"Projects"},"content":{"rendered":"<\/div><\/div><\/div><!-- close content main div --><\/div><\/div><div id='full_slider_1' class='avia-fullwidth-slider main_color avia-shadow  container_wrap fullsize'   ><div  data-size='featured'  data-lightbox_size='large'  data-animation='slide'  data-ids='22'  data-video_counter='0'  data-autoplay='false'  data-bg_slider='false'  data-slide_height=''  data-handle='av_slideshow_full'  data-interval='5'  data-class=' '  data-css_id=''  data-scroll_down=''  data-control_layout='av-control-default'  data-custom_markup=''  data-perma_caption=''  data-autoplay_stopper=''  data-src=''  data-position='top left'  data-repeat='no-repeat'  data-attach='scroll'  data-stretch=''  data-default-height='28.666666666667'  class='avia-slideshow avia-slideshow-1  av-control-default av-default-height-applied avia-slideshow-featured av_slideshow_full   avia-slide-slider '  itemscope=\"itemscope\" itemtype=\"https:\/\/schema.org\/ImageObject\" ><ul class='avia-slideshow-inner' style='padding-bottom: 28.666666666667%;'><li  class=' av-single-slide slide-1 ' ><div data-rel='slideshow-1' class='avia-slide-wrap'  ><img src='http:\/\/www.patrickdunst.at\/wp-content\/uploads\/2015\/09\/projects-1-1500x430.jpg' width='1500' height='430' title='projects-1' alt=''  itemprop=\"contentURL\"  \/><\/div><\/li><\/ul><\/div><\/div>\n<\/div><\/div><\/div><!-- close content main div --><\/div><\/div><div id='av-layout-grid-1' class='av-layout-grid-container entry-content-wrapper main_color av-flex-cells  container_wrap fullsize'   >\n<div class=\"flex_cell no_margin av_one_third   \" style='vertical-align:top; padding:30px; '><div class='flex_cell_inner' ><p><div style='padding-bottom:10px;color:#edb657;font-size:60px;' class='av-special-heading av-special-heading-h1 custom-color-heading blockquote modern-quote   av-inherit-size'><h1 class='av-special-heading-tag'  itemprop=\"headline\"  >SEPPI <\/h1><div class='special-heading-border'><div class='special-heading-inner-border' style='border-color:#edb657'><\/div><\/div><\/div><br \/>\n<div style=' margin-top:10px; margin-bottom:30px;'  class='hr hr-custom hr-center hr-icon-no '><span class='hr-inner   inner-border-av-border-thin' style=' width:50px; border-color:#eaeaea;' ><span class='hr-inner-style'><\/span><\/span><\/div><br \/>\n<div  class='avia-video avia-video-16-9  '  itemprop=\"video\" itemtype=\"https:\/\/schema.org\/VideoObject\" ><div class='avia-iframe-wrap'><iframe width=\"1500\" height=\"844\" src=\"https:\/\/www.youtube.com\/embed\/dyK_cwlst60?feature=oembed\" frameborder=\"0\" allow=\"autoplay; encrypted-media\" allowfullscreen><\/iframe><\/div><\/div><br \/>\n<div style=' margin-top:10px; margin-bottom:30px;'  class='hr hr-custom hr-center hr-icon-no '><span class='hr-inner   inner-border-av-border-thin' style=' width:50px;' ><span class='hr-inner-style'><\/span><\/span><\/div><br \/>\n<div  class='avia-video avia-video-16-9  '  itemprop=\"video\" itemtype=\"https:\/\/schema.org\/VideoObject\" ><div class='avia-iframe-wrap'><iframe width=\"1500\" height=\"844\" src=\"https:\/\/www.youtube.com\/embed\/OnlmZTtYaAg?feature=oembed\" frameborder=\"0\" allow=\"accelerometer; autoplay; encrypted-media; gyroscope; picture-in-picture\" allowfullscreen><\/iframe><\/div><\/div><br \/>\n<div style=' margin-top:10px; margin-bottom:30px;'  class='hr hr-custom hr-center hr-icon-no '><span class='hr-inner   inner-border-av-border-thin' style=' width:50px;' ><span class='hr-inner-style'><\/span><\/span><\/div><br \/>\n<section class=\"av_textblock_section\"  itemscope=\"itemscope\" itemtype=\"https:\/\/schema.org\/CreativeWork\" ><div class='avia_textblock '   itemprop=\"text\" ><div class=\"page\" title=\"Page 2\">\n<div class=\"section\">\n<div class=\"layoutArea\">\n<div class=\"column\">\n<div class=\"page\" title=\"Page 2\">\n<div class=\"section\">\n<div class=\"layoutArea\">\n<div class=\"column\">\n<p><strong>::Seppi:Das Kind, das nicht aufh\u00f6rte zu wachsen::<\/strong><\/p>\n<\/div>\n<\/div>\n<\/div>\n<\/div>\n<p>Urauff\u00fchrung im Rahmen des La Strada Festivals in Graz von 27.07. &#8211; 04.08.2018.<\/p>\n<p>Hier entsteht moderne Oper &#8211; auf der Stra\u00dfe, im \u00f6ffentlichen Raum, fernab von Eliten in geschlossenen R\u00e4umen, hautnah, ungew\u00f6hnlich und mitreissend. Jazzmusiker interagieren mit Barocks\u00e4ngerInnen, klassische Linien werden durch elektronische Effekte verzerrt.<\/p>\n<p>Die Geschichte von dem Kind, das nicht aufh\u00f6ren will zu wachsen, erz\u00e4hlt von einer Gesellschaft, die sich immer mehr entfremdet, Andersartigkeit ausgrenzt und vom Konsum \u00fcbers\u00e4ttigt ist. Der Erz\u00e4hler und Autor Fiston Mwanza Mujila ergreift einerseits Partei f\u00fcr das unschuldige Kind, das die Gier seiner Umwelt spiegelt, und l\u00e4sst es dann zum absurden allverschlingenden Monster werden. Eine Geschichte, die \u00fcberall auf der Welt spielen k\u00f6nnte, wie der aus dem Kongo stammende Autor und ehemaliger Grazer Stadtschreiber betont.<\/p>\n<p>Unbegleitete minderj\u00e4hrige Fl\u00fcchtlinge spielen hier die Rolle der einheitlichen Konsumgesellschaft &#8211; die Grenzen zwischen Ausbeutern und Ausgebeuteten verschwimmen.<\/p>\n<\/div>\n<\/div>\n<\/div>\n<\/div>\n<div class=\"page\" title=\"Page 2\">\n<div class=\"section\">\n<div class=\"layoutArea\">\n<div class=\"column\">\n<p><strong>::Seppi:L\u2019enfant qui grandissait d\u00e9mesur\u00e9ment::<\/strong><\/p>\n<p>Premi\u00e8re dans le cadre du festival La Strada \u00e0 Graz du 27.07. &#8211; 04.08.2018.<\/p>\n<p>C\u2019est ici que se forme l\u2019op\u00e9ra moderne \u2013 dans la rue, dans l\u2019espace public, loin des \u00e9lites en espaces clos, au plus proche du public, hors des sentiers battus et de mani\u00e8re captivante. Les musiciens de jazz interagissent avec les chanteurs baroques, les lignes classiques sont d\u00e9form\u00e9es par les effets \u00e9lectroniques.<\/p>\n<p>L\u2019histoire de l\u2019enfant qui grandissait d\u00e9mesur\u00e9ment parle d\u2019une soci\u00e9t\u00e9 toujours plus ali\u00e9n\u00e9e qui exclut la diff\u00e9rence et est satur\u00e9e par la consommation. Le narrateur et auteur Fiston Mwanza Mujila prend d\u2019abord le parti de l\u2019enfant innocent qui refl\u00e8te l\u2019avidit\u00e9 de son environnement, pour ensuite le laisser se transformer en monstre absurde et d\u00e9vorant. Une histoire qui pourrait se passer partout dans le monde, comme le souligne l\u2019auteur originaire du Congo et ancien d\u00e9tenteur du titre d\u2019auteur de la ville de Graz.<\/p>\n<p>Des r\u00e9fugi\u00e9s mineurs non accompagn\u00e9s jouent ici le r\u00f4le de la soci\u00e9t\u00e9 de consommation homog\u00e9n\u00e9is\u00e9e \u2013 la fronti\u00e8re entre les exploiteurs et les exploit\u00e9s s\u2019estompe.<\/p>\n<\/div>\n<div class=\"page\" title=\"Page 2\">\n<div class=\"section\">\n<div class=\"layoutArea\">\n<div class=\"column\">\n<p><strong>::Seppi: The child who did not stop growing::<\/strong><\/p>\n<p>World premiere in Graz as part of the La Strada Festival, 27.07. &#8211; 04.08.2018.<\/p>\n<p>Here, modern opera comes into being \u2013 in the streets, in public places, far away from elites that operate in closed spaces, up close and captivating. Jazz musicians interact with baroque singers, classical lines are distorted by electronic effects.<\/p>\n<p>The tale of the child who refuses to stop growing tells the story of a society that is becoming increasingly alienated, excludes otherness, and is over-saturated by consumption. The narrator and author, Fiston Mwanza Mujila, both sides with the innocent boy who reflects the greed of his environment and at the same time presents him as an absurd, all-consuming monster. A story that could be set anywhere in the world, as the author from the Democratic Republic of Congo and former Graz City Writer in Residence stresses.<\/p>\n<p>Unaccompanied minor refugees play the part of a uniform consumer society \u2013 the boundaries between exploiters and exploitees are blurred.<\/p>\n<\/div>\n<\/div>\n<\/div>\n<\/div>\n<\/div>\n<\/div>\n<\/div>\n<\/div><\/section><br \/>\n<div style=' margin-top:10px; margin-bottom:30px;'  class='hr hr-custom hr-center hr-icon-no '><span class='hr-inner   inner-border-av-border-thin' style=' width:50px;' ><span class='hr-inner-style'><\/span><\/span><\/div><\/p>\n<\/div><\/div><div class=\"flex_cell no_margin av_one_third   \" style='vertical-align:top; padding:30px; '><div class='flex_cell_inner' ><p><div class='avia-image-container  av-styling-  noHover  av-overlay-hover-deactivate  avia-align-center '  itemscope=\"itemscope\" itemtype=\"https:\/\/schema.org\/ImageObject\"  ><div class='avia-image-container-inner'><div class='av-image-caption-overlay'><div class='av-caption-image-overlay-bg' style='opacity:0.4; background-color:#000000; '><\/div><div class='av-image-caption-overlay-position'><div class='av-image-caption-overlay-center' style='color:#ffffff; '><\/div><\/div><\/div><img class='avia_image ' src='http:\/\/www.patrickdunst.at\/wp-content\/uploads\/2014\/09\/Virtues-Fiston_facebook_Titelbild-1030x392.jpg' alt='' title='Virtues-Fiston_facebook_Titelbild'   itemprop=\"contentURL\"  \/><\/div><\/div><br \/>\n<div style=' margin-top:10px; margin-bottom:30px;'  class='hr hr-custom hr-center hr-icon-no '><span class='hr-inner   inner-border-av-border-thin' style=' width:50px; border-color:#ffffff;' ><span class='hr-inner-style'><\/span><\/span><\/div><br \/>\n<div  class='avia-video avia-video-16-9  '  itemprop=\"video\" itemtype=\"https:\/\/schema.org\/VideoObject\" ><div class='avia-iframe-wrap'><iframe width=\"1500\" height=\"844\" src=\"https:\/\/www.youtube.com\/embed\/Krd3jBH7pbA?feature=oembed\" frameborder=\"0\" allow=\"autoplay; encrypted-media\" allowfullscreen><\/iframe><\/div><\/div><br \/>\n<div style=' margin-top:10px; margin-bottom:30px;'  class='hr hr-custom hr-center hr-icon-no '><span class='hr-inner   inner-border-av-border-thin' style=' width:50px;' ><span class='hr-inner-style'><\/span><\/span><\/div><br \/>\n<section class=\"av_textblock_section\"  itemscope=\"itemscope\" itemtype=\"https:\/\/schema.org\/CreativeWork\" ><div class='avia_textblock '   itemprop=\"text\" ><p><b>Komposition f\u00fcr Perkussion, Holzbl\u00e4ser und Spoken Poetry\u00a0<\/b><\/p>\n<p>In Zeiten politischer und sozialer Ohnmacht scheint die R\u00fcckbesinnung auf interreligi\u00f6se humanistische Werte ein Weg zum friedlichen und gl\u00fccklichen Zusammenleben, fernab vom Gedankengut einer Neidgesellschaft die durch den Kapitalismus immer weiter vorangetrieben wird.<\/p>\n<p>Jede der sieben Kompositionen verstehen sich als eine musikalische Meditation \u00fcber einen\u00a0 der sieben menschlichen Werte: <i>Weisheit, Geduld, Gl\u00fcck, Achtsamkeit, Mitgef\u00fchl, Z\u00e4rtlichkeit<\/i> und <i>Mut<\/i>.<\/p>\n<p>Besetzung:<\/p>\n<p><strong>Patrick Dunst:<\/strong>\u00a0Reeds, Composition<\/p>\n<p><strong>Fiston Mwanza Mujila:<\/strong>\u00a0Poetry &amp; Vocals<\/p>\n<p><strong>Impulse Percussion:\u00a0<\/strong><\/p>\n<p>Grilli Pollheimer: Percussion, Electronics<\/p>\n<p>Berni Richter: Percussion<\/p>\n<p>Leo Waltersdorfer: Percussion<\/p>\n<\/div><\/section><br \/>\n<div style=' margin-top:10px; margin-bottom:30px;'  class='hr hr-custom hr-center hr-icon-no '><span class='hr-inner   inner-border-av-border-thin' style=' width:50px;' ><span class='hr-inner-style'><\/span><\/span><\/div><\/p>\n<\/div><\/div><div class=\"flex_cell no_margin av_one_third   \" style='vertical-align:top; padding:30px; '><div class='flex_cell_inner' ><p><div class='avia-image-container  av-styling-   avia-align-center '  itemscope=\"itemscope\" itemtype=\"https:\/\/schema.org\/ImageObject\"  ><div class='avia-image-container-inner'><a href='http:\/\/www.patrickdunst.at\/portfolio\/tribal-dialects\/' class='avia_image'  ><img class='avia_image ' src='http:\/\/www.patrickdunst.at\/wp-content\/uploads\/2014\/09\/Bildschirmfoto-2018-10-29-um-18.00.21-300x108.png' alt='' title='Bildschirmfoto 2018-10-29 um 18.00.21'  itemprop=\"contentURL\"  \/><\/a><\/div><\/div><br \/>\n<div style=' margin-top:10px; margin-bottom:30px;'  class='hr hr-custom hr-center hr-icon-no '><span class='hr-inner   inner-border-av-border-thin' style=' width:50px; border-color:#ffffff;' ><span class='hr-inner-style'><\/span><\/span><\/div><br \/>\n<div  class='avia-video avia-video-16-9  '  itemprop=\"video\" itemtype=\"https:\/\/schema.org\/VideoObject\" ><div class='avia-iframe-wrap'><iframe width=\"1500\" height=\"844\" src=\"https:\/\/www.youtube.com\/embed\/78RqSx1elm0?feature=oembed\" frameborder=\"0\" allow=\"autoplay; encrypted-media\" allowfullscreen><\/iframe><\/div><\/div><br \/>\n<div style=' margin-top:10px; margin-bottom:30px;'  class='hr hr-custom hr-center hr-icon-no '><span class='hr-inner   inner-border-av-border-thin' style=' width:50px; border-color:#ffffff;' ><span class='hr-inner-style'><\/span><\/span><\/div><br \/>\n<form action=\"http:\/\/www.patrickdunst.at\/es\/portfolio\/\" method=\"post\" class=\"avia_ajax_form av-form-labels-visible   \" data-avia-form-id=\"1\" data-avia-redirect=''><fieldset><h3>Order CD here!!<\/h3><p class=' first_form  form_element form_fullwidth' id='element_avia_name_1'><label for=\"avia_name_1\">Name <abbr class=\"required\" title=\"required\">*<\/abbr><\/label> <input name=\"avia_name_1\" class=\"text_input is_empty\" type=\"text\" id=\"avia_name_1\" value=\"\" \/><\/p><p class=' first_form  form_element form_fullwidth' id='element_avia_e-mail_1'><label for=\"avia_e-mail_1\">E-Mail <abbr class=\"required\" title=\"required\">*<\/abbr><\/label> <input name=\"avia_e-mail_1\" class=\"text_input is_email\" type=\"text\" id=\"avia_e-mail_1\" value=\"\" \/><\/p><p class=' first_form  form_element form_fullwidth' id='element_avia_adress_lieferadresse_1'><label for=\"avia_adress_lieferadresse_1\">Adress \/ Lieferadresse <abbr class=\"required\" title=\"required\">*<\/abbr><\/label> <input name=\"avia_adress_lieferadresse_1\" class=\"text_input is_empty\" type=\"text\" id=\"avia_adress_lieferadresse_1\" value=\"\" \/><\/p><p class=' first_form  form_element form_fullwidth' id='element_avia_number_of_cds_anzahl_der__1'>\t <label for=\"avia_number_of_cds_anzahl_der__1\" class=\"textare_label hidden textare_label_avia_number_of_cds_anzahl_der__1\">Number of CDs \/ Anzahl der CDs <abbr class=\"required\" title=\"required\">*<\/abbr><\/label>\t <textarea  name=\"avia_number_of_cds_anzahl_der__1\" class=\"text_area is_empty\" cols=\"40\" rows=\"7\" id=\"avia_number_of_cds_anzahl_der__1\" ><\/textarea><\/p><p class=' first_form  form_element form_fullwidth' id='element_avia_billing_adress_rechnungsa_1'><label for=\"avia_billing_adress_rechnungsa_1\">Billing Adress \/ Rechnungsadresse<\/label> <input name=\"avia_billing_adress_rechnungsa_1\" class=\"text_input \" type=\"text\" id=\"avia_billing_adress_rechnungsa_1\" value=\"\" \/><\/p><p class=\"hidden\"><input type=\"text\" name=\"avia_avia_username_1\" class=\"hidden \" id=\"avia_avia_username_1\" value=\"\" \/><\/p><p class=\"form_element \"><input type=\"hidden\" value=\"1\" name=\"avia_generated_form1\" \/><input type=\"submit\" value=\"Submit\" class=\"button\"  data-sending-label=\"Enviando\"\/><\/p><\/fieldset><\/form><div id=\"ajaxresponse_1\" class=\"ajaxresponse ajaxresponse_1 hidden\"><\/div><br \/>\n<div style=' margin-top:10px; margin-bottom:30px;'  class='hr hr-custom hr-center hr-icon-no '><span class='hr-inner   inner-border-av-border-thin' style=' width:50px; border-color:#ffffff;' ><span class='hr-inner-style'><\/span><\/span><\/div><br \/>\n<section class=\"av_textblock_section\"  itemscope=\"itemscope\" itemtype=\"https:\/\/schema.org\/CreativeWork\" ><div class='avia_textblock '   itemprop=\"text\" ><p><strong>Tribal Dialects: Common Grounds<\/strong><br \/>\nPatrick Dunst: Reeds, Composition, Electronics<\/p>\n<div id=\"id2\" class=\"style_SkipStroke shape-with-text\">\n<div class=\"text-content graphic_textbox_layout_style_default_External_408_183\">\n<div class=\"graphic_textbox_layout_style_default\">\n<p class=\"paragraph_style_1\">Grilli Pollheimer: Percussion, Vibs, Electronics<\/p>\n<p>Leo Waltersdorfer: Vibraphon, Marimba<\/p>\n<\/div>\n<\/div>\n<\/div>\n<div id=\"id3\" class=\"style_SkipStroke shape-with-text\">\n<div class=\"text-content graphic_textbox_layout_style_default_External_700_1104\">\n<div class=\"graphic_textbox_layout_style_default\">\n<p class=\"paragraph_style_2\">Info:<\/p>\n<p class=\"paragraph_style_3\">Sprachen, Sprachen, Sprachen, haben unsere Lehrer unabl\u00e4ssig betont. Das alpenl\u00e4ndische Ensemble\u00a0<span class=\"textschwarzkursiv\">Tribal Dialects<\/span>\u00a0hat gut aufgepasst und spricht allerhand Stammessprachen im Spannungsfeld zwischen ethnischer Musik, Minimal und Jazz.<br \/>\nDas Trio rund um den eloquenten Grazer Holzbl\u00e4ser Patrick Dunst hat sich mit dem 2014 erschienenen Album\u00a0<span class=\"textschwarzkursiv\">Home<\/span>\u00a0auf Anhieb einen Namen als ertragreiches Experimentierfeld zwischen unterschiedlichen musikalischen Stilen gemacht. In neuer Besetzung und mit noch st\u00e4rkerem Fokus auf Percussion geben\u00a0<span class=\"textschwarzkursiv\">Tribal Dialects<\/span>\u00a0nun ein exklusives Preview auf das neue Album, das im M\u00e4rz 2016 aufgenommen wird.<\/p>\n<p class=\"paragraph_style_3\">(Otmar Klammer)<\/p>\n<\/div>\n<\/div>\n<\/div>\n<\/div><\/section><br \/>\n<div style=' margin-top:10px; margin-bottom:30px;'  class='hr hr-custom hr-center hr-icon-no '><span class='hr-inner   inner-border-av-border-thin' style=' width:50px;' ><span class='hr-inner-style'><\/span><\/span><\/div><\/p>\n<\/div><\/div><\/div><\/div><\/div><\/div><!-- close content main div --><\/div><\/div><div id='av-layout-grid-2' class='av-layout-grid-container entry-content-wrapper main_color av-flex-cells  container_wrap fullsize'   >\n<div class=\"flex_cell no_margin av_one_third   \" style='vertical-align:top; padding:30px; '><div class='flex_cell_inner' ><p><div class='avia-image-container  av-styling-   avia-align-left '  itemscope=\"itemscope\" itemtype=\"https:\/\/schema.org\/ImageObject\"  ><div class='avia-image-container-inner'><img class='avia_image ' src='http:\/\/www.patrickdunst.at\/wp-content\/uploads\/2014\/09\/DSC7373-1030x687.jpg' alt='' title='_dsc7373'   itemprop=\"contentURL\"  \/><\/div><\/div><br \/>\n<div style=' margin-top:10px; margin-bottom:30px;'  class='hr hr-custom hr-center hr-icon-no '><span class='hr-inner   inner-border-av-border-thin' style=' width:50px; border-color:#ffffff;' ><span class='hr-inner-style'><\/span><\/span><\/div><br \/>\n<div style='padding-bottom:10px;' class='av-special-heading av-special-heading-h2    '><h2 class='av-special-heading-tag'  itemprop=\"headline\"  >Naima<\/h2><div class='special-heading-border'><div class='special-heading-inner-border' ><\/div><\/div><\/div><br \/>\n<section class=\"av_textblock_section\"  itemscope=\"itemscope\" itemtype=\"https:\/\/schema.org\/CreativeWork\" ><div class='avia_textblock '   itemprop=\"text\" ><p>&#8220;We are like two little children, who want to talk about the moon. One is Chinese and the other is Polish, one Moroccan and the other from Bolivia or one from Zimbabwe and the other is Ukrainian and no one knows the language of the other. How they will do? They will create a language, a Creole or sign language. This projekt Naima-the name of the wife of John Coltrane- is a conversation between the poet and saxophonist around several themes including the loneliness, the body, the chaos, the exil, the freedom, the river &#8230;&#8221;<\/p>\n<p>Fiston Mwanza &amp; Patrick Dunst.<\/p>\n<p>\u201eWir sind wie zwei kleine Kinder, die \u00fcber den Mond reden wollen. Eines ist Chinese und der andere ist Pole, eines Marokaner und der andere aus Bolivien oder eines aus Simbabwe und der andere ist Ukrainer und niemand kennt die Sprache des anderen. Wie sollen sie tun?\u00a0 Sie werden eine Sprache fertigen, eine kreolische oder Sprachzeichen. Aber was ist wahr, sie werden lange Zeit \u00fcber den Mond, la lune, the moon, muenji&#8230; diskutieren. &#8220;Naima&#8221;- Titel dieses Projekts in Bezug auf das Lied von John Coltrane- ist eine unsichtbare Br\u00fccke nach nirgendwo.\u201c<\/p>\n<p>Fiston Mwanza &amp; Patrick Dunst.<\/p>\n<\/div><\/section><\/p>\n<\/div><\/div><div class=\"flex_cell no_margin av_one_third   \" style='vertical-align:top; padding:30px; '><div class='flex_cell_inner' ><p><div class='avia-image-container  av-styling-   avia-align-left '  itemscope=\"itemscope\" itemtype=\"https:\/\/schema.org\/ImageObject\"  ><div class='avia-image-container-inner'><img class='avia_image ' src='http:\/\/www.patrickdunst.at\/wp-content\/uploads\/2015\/09\/Tripod-300x271.jpg' alt='' title='Tripod'   itemprop=\"contentURL\"  \/><\/div><\/div><br \/>\n<div style=' margin-top:10px; margin-bottom:30px;'  class='hr hr-custom hr-center hr-icon-no '><span class='hr-inner   inner-border-av-border-thin' style=' width:50px; border-color:#ffffff;' ><span class='hr-inner-style'><\/span><\/span><\/div><br \/>\n<div style='padding-bottom:10px;' class='av-special-heading av-special-heading-h2    '><h2 class='av-special-heading-tag'  itemprop=\"headline\"  >Tripod<\/h2><div class='special-heading-border'><div class='special-heading-inner-border' ><\/div><\/div><\/div><br \/>\n<section class=\"av_textblock_section\"  itemscope=\"itemscope\" itemtype=\"https:\/\/schema.org\/CreativeWork\" ><div class='avia_textblock '   itemprop=\"text\" ><p>Unter der Projektbezeichnung\u00a0<i>Tripod<\/i>\u00a0versammelt Patrick Dunst die besten jungen Jazzmusiker aus Graz. Durch die ungew\u00f6hnliche Instrumentierung und die unterschiedliche Spezialisierung der einzelnen Musiker, die durch die Kompositionen des Bandleaders zusammengef\u00fchrt werden, entsteht ein Klangbild, das sich nicht in Genrebezeichnungen zw\u00e4ngen l\u00e4sst. Nur so viel sei verraten: der Bandname versteht sich als Huldigung an die drei universalen musikalischen S\u00e4ulen Rhythmus, Klang und Melodie.<\/p>\n<\/div><\/section><\/p>\n<\/div><\/div><div class=\"flex_cell no_margin av_one_third   \" style='vertical-align:top; padding:30px; '><div class='flex_cell_inner' ><p><div  class='avia-video avia-video-16-9  '  itemprop=\"video\" itemtype=\"https:\/\/schema.org\/VideoObject\" ><div class='avia-iframe-wrap'><iframe width=\"1500\" height=\"844\" src=\"https:\/\/www.youtube.com\/embed\/LbAC3adFnGU?feature=oembed\" frameborder=\"0\" allow=\"accelerometer; autoplay; encrypted-media; gyroscope; picture-in-picture\" allowfullscreen><\/iframe><\/div><\/div><br \/>\n<div style=' margin-top:10px; margin-bottom:30px;'  class='hr hr-custom hr-center hr-icon-no '><span class='hr-inner   inner-border-av-border-thin' style=' width:50px; border-color:#ffffff;' ><span class='hr-inner-style'><\/span><\/span><\/div><br \/>\n<div style='padding-bottom:10px;' class='av-special-heading av-special-heading-h2    '><h2 class='av-special-heading-tag'  itemprop=\"headline\"  >Atma<\/h2><div class='special-heading-border'><div class='special-heading-inner-border' ><\/div><\/div><\/div><br \/>\n<section class=\"av_textblock_section\"  itemscope=\"itemscope\" itemtype=\"https:\/\/schema.org\/CreativeWork\" ><div class='avia_textblock '   itemprop=\"text\" ><p>Atma, \u00fcbersetzt aus dem Sanskrit als <i>Seele<\/i>, ist der Name dieses international besetzten Ensembles, dass unbemerkt die Grenzen zwischen klassischer indischer, klassischer westlicher Tradition und dem Jazz, \u00fcberschreitet.<\/p>\n<p>Atma wurde im August 2015 in Bangalore, Indien, in einer ungew\u00f6hnlichen Trio-Besetzung bestehend aus zwei Rhythmikern und einem Holzbl\u00e4ser aus der Taufe gehoben und f\u00fcr die Tour 2017 durch \u00d6sterreich um einen Musiker erweitert.<\/p>\n<p>Der in Bangalore beheimatete Tabla-Virtuose und Sch\u00fcler von Zakir Hussain, Muthu Kumar, der in seiner Karriere bereits mit Alice Coltrane die B\u00fchne geteilt hat, ist das Falggschiff des jungen Ensembles. Zus\u00e4tzlich zu seiner absoluten Meisterschaft an den Tablas die er in diesem Ensemble beweist, steuert er einige seine beseelten\u00a0 Kompositionen zum aktuellen Programm bei.<\/p>\n<p>Weiters besteht die Band aus den klassisch ausgebildeten Schlagwerker Grilli Pollheimer, der die heimische Szene mit seiner Brillanz in den unterschiedlichsten Stilen bereichert, sowie Leo Waltersdorfer an Marimba und Vibraphon, der als musikalischer Polyglot einer der jungen Hoffnungstr\u00e4ger des \u00f6sterreichischen Schlagwerk Community ist.<\/p>\n<\/div><\/section><\/p>\n<\/div><\/div>\n<\/div><\/p>\n<div  class='hr hr-default '><span class='hr-inner ' ><span class='hr-inner-style'><\/span><\/span><\/div>\n<section class=\"av_textblock_section\"  itemscope=\"itemscope\" itemtype=\"https:\/\/schema.org\/CreativeWork\" ><div class='avia_textblock '   itemprop=\"text\" ><p>Click here to add your own text<\/p>\n<\/div><\/section>\n","protected":false},"excerpt":{"rendered":"","protected":false},"author":1,"featured_media":0,"parent":0,"menu_order":0,"comment_status":"open","ping_status":"open","template":"","meta":[],"translation":{"provider":"WPGlobus","version":"3.0.1","language":"es","enabled_languages":["en","es","de","fr","ru"],"languages":{"en":{"title":true,"content":true,"excerpt":false},"es":{"title":false,"content":false,"excerpt":false},"de":{"title":false,"content":false,"excerpt":false},"fr":{"title":false,"content":false,"excerpt":false},"ru":{"title":false,"content":false,"excerpt":false}}},"_links":{"self":[{"href":"http:\/\/www.patrickdunst.at\/es\/wp-json\/wp\/v2\/pages\/76"}],"collection":[{"href":"http:\/\/www.patrickdunst.at\/es\/wp-json\/wp\/v2\/pages"}],"about":[{"href":"http:\/\/www.patrickdunst.at\/es\/wp-json\/wp\/v2\/types\/page"}],"author":[{"embeddable":true,"href":"http:\/\/www.patrickdunst.at\/es\/wp-json\/wp\/v2\/users\/1"}],"replies":[{"embeddable":true,"href":"http:\/\/www.patrickdunst.at\/es\/wp-json\/wp\/v2\/comments?post=76"}],"version-history":[{"count":29,"href":"http:\/\/www.patrickdunst.at\/es\/wp-json\/wp\/v2\/pages\/76\/revisions"}],"predecessor-version":[{"id":969,"href":"http:\/\/www.patrickdunst.at\/es\/wp-json\/wp\/v2\/pages\/76\/revisions\/969"}],"wp:attachment":[{"href":"http:\/\/www.patrickdunst.at\/es\/wp-json\/wp\/v2\/media?parent=76"}],"curies":[{"name":"wp","href":"https:\/\/api.w.org\/{rel}","templated":true}]}}