{"id":518,"date":"2015-09-21T14:24:14","date_gmt":"2015-09-21T12:24:14","guid":{"rendered":"http:\/\/www.patrickdunst.at\/?page_id=518"},"modified":"2015-10-09T18:18:34","modified_gmt":"2015-10-09T16:18:34","slug":"blog-2","status":"publish","type":"page","link":"http:\/\/www.patrickdunst.at\/ru\/blog-2\/","title":{"rendered":"Blog"},"content":{"rendered":"<\/div><\/div><\/div><!-- close content main div --><\/div><\/div><div id='full_slider_1' class='avia-fullwidth-slider main_color avia-shadow  container_wrap fullsize'   ><div  data-size='featured'  data-lightbox_size='large'  data-animation='slide'  data-ids='589'  data-video_counter='0'  data-autoplay='false'  data-bg_slider='false'  data-slide_height=''  data-handle='av_slideshow_full'  data-interval='5'  data-class=' '  data-css_id=''  data-scroll_down=''  data-control_layout='av-control-default'  data-custom_markup=''  data-perma_caption=''  data-autoplay_stopper=''  data-src=''  data-position='top left'  data-repeat='no-repeat'  data-attach='scroll'  data-stretch=''  data-default-height='28.666666666667'  class='avia-slideshow avia-slideshow-1  av-control-default av-default-height-applied avia-slideshow-featured av_slideshow_full   avia-slide-slider '  itemscope=\"itemscope\" itemtype=\"https:\/\/schema.org\/ImageObject\" ><ul class='avia-slideshow-inner' style='padding-bottom: 29.113067027759%;'><li  class=' av-single-slide slide-1 ' ><div data-rel='slideshow-1' class='avia-slide-wrap'  ><div class = \"caption_fullwidth av-slideshow-caption caption_left\"><div class = \"container caption_container\"><div class = \"slideshow_caption\"><div class = \"slideshow_inner_caption\"><div class = \"slideshow_align_caption\"><h2  style='font-size:60px; ' class='avia-caption-title'  itemprop=\"name\" >Blog<\/h2><\/div><\/div><\/div><\/div><\/div><img src='http:\/\/www.patrickdunst.at\/wp-content\/uploads\/2015\/09\/blogheader-1477x430.jpg' width='1477' height='430' title='UNBEARBEITET!!!' alt=''  itemprop=\"contentURL\"  \/><\/div><\/li><\/ul><\/div><\/div>\n<div class='template-blog '  itemscope=\"itemscope\" itemtype=\"https:\/\/schema.org\/Blog\" ><article class='post-entry post-entry-type-standard post-entry-683 post-loop-1 post-parity-odd post-entry-last single-big  post-683 post type-post status-publish format-standard hentry category-allgemein category-media category-news category-personal'  itemscope=\"itemscope\" itemtype=\"https:\/\/schema.org\/BlogPosting\" ><div class='blog-meta'><\/div><div class='entry-content-wrapper clearfix standard-content'><header class=\"entry-content-header\"><h2 class='post-title entry-title'  itemprop=\"headline\" >\t<a href='http:\/\/www.patrickdunst.at\/ru\/the-world-premier-of-excerpts-of-my-program-virtues\/' rel='bookmark' title='\u041f\u043e\u0441\u0442\u043e\u044f\u043d\u043d\u0430\u044f \u0441\u0441\u044b\u043b\u043a\u0430: The World Premier of Excerpts of my Program Virtues'>The World Premier of Excerpts of my Program Virtues\t\t\t<span class='post-format-icon minor-meta'><\/span>\t<\/a><\/h2><span class='post-meta-infos'><time class='date-container minor-meta updated'  itemprop=\"datePublished\" datetime=\"2015-10-09T18:13:38+02:00\" >9. October 2015<\/time><span class='text-sep text-sep-date'>\/<\/span><span class='comment-container minor-meta'><a href=\"http:\/\/www.patrickdunst.at\/ru\/the-world-premier-of-excerpts-of-my-program-virtues\/#respond\" class=\"comments-link\" >0 \u041e\u0442\u0437\u044b\u0432\u044b<\/a><\/span><span class='text-sep text-sep-comment'>\/<\/span><span class=\"blog-categories minor-meta\">\u0432 <a href=\"http:\/\/www.patrickdunst.at\/ru\/category\/allgemein\/\" rel=\"tag\">Allgemein<\/a>, <a href=\"http:\/\/www.patrickdunst.at\/ru\/category\/media\/\" rel=\"tag\">Media<\/a>, <a href=\"http:\/\/www.patrickdunst.at\/ru\/category\/news\/\" rel=\"tag\">News<\/a>, <a href=\"http:\/\/www.patrickdunst.at\/ru\/category\/personal\/\" rel=\"tag\">Personal<\/a> <\/span><span class=\"text-sep text-sep-cat\">\/<\/span><span class=\"blog-author minor-meta\">\u043e\u0442 <span class=\"entry-author-link\"  itemprop=\"name\" ><span class=\"vcard author\"><span class=\"fn\"><a href=\"http:\/\/www.patrickdunst.at\/ru\/author\/wordpressadmin\/\" title=\"Posts by wordpressadmin\" rel=\"author\">wordpressadmin<\/a><\/span><\/span><\/span><\/span><\/span><\/header><div class=\"entry-content\"  itemprop=\"text\" ><p><a href=\"http:\/\/tvthek.orf.at\/program\/Steiermark-heute\/70020\/Steiermark-heute\/10732162\/Landeskulturpreise-an-Wurm-Fritsch-Kaftan\/10734916\">http:\/\/tvthek.orf.at\/program\/Steiermark-heute\/70020\/Steiermark-heute\/10732162\/Landeskulturpreise-an-Wurm-Fritsch-Kaftan\/10734916<\/a><\/p>\n<p>Die Weltpremiere von Teilen meines neuen Projekts: Virtues mit dem STUDIO PERCUSSION graz, bei der Landeskulturpreisverleihung 2015 diese Woche. Das volle Programm wird am 14. November in der St. Andr\u00e4 Kirche Graz, Uraufgef\u00fchrt in der Kooperation mit der Gemeinde St. Andr\u00e4 und GamsbART im Rahmen des Austrian Soundcheck.<\/p>\n<p>G\u00fcnter Meinhart: Perkussion<\/p>\n<p>Grilli Pollheimer: Perkussion<\/p>\n<p>Raphael Meinhart: Perkussion<\/p>\n<\/div><footer class=\"entry-footer\"><\/footer><div class='post_delimiter'><\/div><\/div><div class='post_author_timeline'><\/div><\/article><div class='single-big'><\/div><\/div>\n","protected":false},"excerpt":{"rendered":"","protected":false},"author":1,"featured_media":0,"parent":0,"menu_order":0,"comment_status":"closed","ping_status":"closed","template":"","meta":[],"translation":{"provider":"WPGlobus","version":"3.0.1","language":"ru","enabled_languages":["en","es","de","fr","ru"],"languages":{"en":{"title":true,"content":true,"excerpt":false},"es":{"title":false,"content":false,"excerpt":false},"de":{"title":false,"content":false,"excerpt":false},"fr":{"title":false,"content":false,"excerpt":false},"ru":{"title":false,"content":false,"excerpt":false}}},"_links":{"self":[{"href":"http:\/\/www.patrickdunst.at\/ru\/wp-json\/wp\/v2\/pages\/518"}],"collection":[{"href":"http:\/\/www.patrickdunst.at\/ru\/wp-json\/wp\/v2\/pages"}],"about":[{"href":"http:\/\/www.patrickdunst.at\/ru\/wp-json\/wp\/v2\/types\/page"}],"author":[{"embeddable":true,"href":"http:\/\/www.patrickdunst.at\/ru\/wp-json\/wp\/v2\/users\/1"}],"replies":[{"embeddable":true,"href":"http:\/\/www.patrickdunst.at\/ru\/wp-json\/wp\/v2\/comments?post=518"}],"version-history":[{"count":22,"href":"http:\/\/www.patrickdunst.at\/ru\/wp-json\/wp\/v2\/pages\/518\/revisions"}],"predecessor-version":[{"id":686,"href":"http:\/\/www.patrickdunst.at\/ru\/wp-json\/wp\/v2\/pages\/518\/revisions\/686"}],"wp:attachment":[{"href":"http:\/\/www.patrickdunst.at\/ru\/wp-json\/wp\/v2\/media?parent=518"}],"curies":[{"name":"wp","href":"https:\/\/api.w.org\/{rel}","templated":true}]}}