{"id":905,"date":"2019-02-14T20:19:48","date_gmt":"2019-02-14T19:19:48","guid":{"rendered":"http:\/\/www.patrickdunst.at\/?page_id=905"},"modified":"2019-03-03T11:34:58","modified_gmt":"2019-03-03T10:34:58","slug":"tribal-dialects","status":"publish","type":"page","link":"http:\/\/www.patrickdunst.at\/ru\/portfolio\/tribal-dialects\/","title":{"rendered":"Tribal Dialects"},"content":{"rendered":"<\/div><\/div><\/div><!-- close content main div --><\/div><\/div><div id='full_slider_1' class='avia-fullwidth-slider main_color avia-shadow  container_wrap fullsize'   ><div  data-size='featured'  data-lightbox_size='large'  data-animation='slide'  data-ids='719,718,717,716,925,926'  data-video_counter='0'  data-autoplay='false'  data-bg_slider='false'  data-slide_height=''  data-handle='av_slideshow_full'  data-interval='3'  data-class=' '  data-css_id=''  data-scroll_down=''  data-control_layout='av-control-default'  data-custom_markup=''  data-perma_caption=''  data-autoplay_stopper=''  data-src=''  data-position='top left'  data-repeat='no-repeat'  data-attach='scroll'  data-stretch=''  data-default-height='28.666666666667'  class='avia-slideshow avia-slideshow-1  av-control-default av-default-height-applied avia-slideshow-featured av_slideshow_full   avia-slide-slider '  itemscope=\"itemscope\" itemtype=\"https:\/\/schema.org\/ImageObject\" ><ul class='avia-slideshow-inner' style='padding-bottom: 28.666666666667%;'><li  class=' slide-1 ' ><div data-rel='slideshow-1' class='avia-slide-wrap'  ><img src='http:\/\/www.patrickdunst.at\/wp-content\/uploads\/2014\/08\/TribalDialects_005-1500x430.jpg' width='1500' height='430' title='TribalDialects_005' alt=''  itemprop=\"contentURL\"  \/><\/div><\/li><li  class=' slide-2 ' ><div data-rel='slideshow-1' class='avia-slide-wrap'  ><img src='http:\/\/www.patrickdunst.at\/wp-content\/uploads\/2014\/08\/TribalDialects_125-1500x430.jpg' width='1500' height='430' title='TribalDialects_125' alt=''  itemprop=\"contentURL\"  \/><\/div><\/li><li  class=' slide-3 ' ><div data-rel='slideshow-1' class='avia-slide-wrap'  ><img src='http:\/\/www.patrickdunst.at\/wp-content\/uploads\/2014\/08\/TribalDialects_099-1500x430.jpg' width='1500' height='430' title='TribalDialects_099' alt=''  itemprop=\"contentURL\"  \/><\/div><\/li><li  class=' slide-4 ' ><div data-rel='slideshow-1' class='avia-slide-wrap'  ><img src='http:\/\/www.patrickdunst.at\/wp-content\/uploads\/2014\/08\/TribalDialects_083-1500x430.jpg' width='1500' height='430' title='TribalDialects_083' alt=''  itemprop=\"contentURL\"  \/><\/div><\/li><li  class=' slide-5 ' ><div data-rel='slideshow-1' class='avia-slide-wrap'  ><img src='http:\/\/www.patrickdunst.at\/wp-content\/uploads\/2019\/02\/04-Tribal-Dialects_016-Kopie-1500x430.jpg' width='1500' height='430' title='04-Tribal Dialects_016 Kopie' alt=''  itemprop=\"contentURL\"  \/><\/div><\/li><li  class=' slide-6 ' ><div data-rel='slideshow-1' class='avia-slide-wrap'  ><img src='http:\/\/www.patrickdunst.at\/wp-content\/uploads\/2019\/02\/04-Tribal-Dialects_035-Kopie-1500x430.jpg' width='1500' height='430' title='04-Tribal Dialects_035 Kopie' alt=''  itemprop=\"contentURL\"  \/><\/div><\/li><\/ul><div class='avia-slideshow-arrows avia-slideshow-controls'><a href='#prev' class='prev-slide' aria-hidden='true' data-av_icon='\ue87c' data-av_iconfont='entypo-fontello'>\u041f\u0440\u0435\u0434\u044b\u0434\u0443\u0449\u0438\u0439<\/a><a href='#next' class='next-slide' aria-hidden='true' data-av_icon='\ue87d' data-av_iconfont='entypo-fontello'>\u0421\u043b\u0435\u0434\u0443\u044e\u0449\u0438\u0439<\/a><\/div><div class='avia-slideshow-dots avia-slideshow-controls'><a href='#1' class='goto-slide active' >1<\/a><a href='#2' class='goto-slide ' >2<\/a><a href='#3' class='goto-slide ' >3<\/a><a href='#4' class='goto-slide ' >4<\/a><a href='#5' class='goto-slide ' >5<\/a><a href='#6' class='goto-slide ' >6<\/a><\/div><\/div><\/div>\n<section class=\"av_textblock_section\"  itemscope=\"itemscope\" itemtype=\"https:\/\/schema.org\/CreativeWork\" ><div class='avia_textblock '   itemprop=\"text\" ><h1>Tribal Dialects<\/h1>\n<\/div><\/section>\n<div  class='hr hr-default '><span class='hr-inner ' ><span class='hr-inner-style'><\/span><\/span><\/div>\n<div  class='avia-video avia-video-16-9  '  itemprop=\"video\" itemtype=\"https:\/\/schema.org\/VideoObject\" ><div class='avia-iframe-wrap'><iframe width=\"1500\" height=\"844\" src=\"https:\/\/www.youtube.com\/embed\/xXmpfDtNCXI?feature=oembed\" frameborder=\"0\" allow=\"accelerometer; autoplay; encrypted-media; gyroscope; picture-in-picture\" allowfullscreen><\/iframe><\/div><\/div>\n<div  class='hr hr-default '><span class='hr-inner ' ><span class='hr-inner-style'><\/span><\/span><\/div>\n<section class=\"av_textblock_section\"  itemscope=\"itemscope\" itemtype=\"https:\/\/schema.org\/CreativeWork\" ><div class='avia_textblock  av_inherit_color'  style='color:#6b6b6b; '  itemprop=\"text\" ><h1><strong>Tribal Dialects: Common Grounds<\/strong><\/h1>\n<h3>Patrick Dunst: Reeds, Composition, Electronics<\/h3>\n<h3>Grilli Pollheimer: Percussion, Vibs, Electronics<\/h3>\n<h3 class=\"style_SkipStroke shape-with-text\">Leo Waltersdorfer: Vibraphon, Marimba<\/h3>\n<h3 class=\"text-content graphic_textbox_layout_style_default_External_408_183\"><\/h3>\n<h4><\/h4>\n<h2 class=\"graphic_textbox_layout_style_default\"><\/h2>\n<div id=\"id3\" class=\"style_SkipStroke shape-with-text\"><\/div>\n<\/div><\/section>\n<div  class='hr hr-default '><span class='hr-inner ' ><span class='hr-inner-style'><\/span><\/span><\/div>\n<section class=\"av_textblock_section\"  itemscope=\"itemscope\" itemtype=\"https:\/\/schema.org\/CreativeWork\" ><div class='avia_textblock '   itemprop=\"text\" ><h1>Info:<\/h1>\n<div class=\"page\" title=\"Page 1\">\n<div class=\"section\">\n<div class=\"layoutArea\">\n<div class=\"column\">\n<p>Sprachen, Dialekte, Traditionen. 4 Musiker mit unterschiedlichen musikalischen<\/p>\n<p>Backgrounds und stilistischen Vorlieben &#8211; alle verbindet die Suche nach dem Groove und dem gemeinsamen Sound. Tribal Dialects spielt Musik an der Grenze von Jazz, Minimal, ethnischen Traditionen und elektronischer Musik. Kosmopolitsche Stilverschachtelung auf h\u00f6chstem Niveau ohne Angst vor Experimenten.<\/p>\n<p>Das Ensemble, das 2013 von Grilli Pollheimer und Patrick Dunst gegr\u00fcndet wurde und bei der Jazzwerkstatt Graz sein Deb\u00fct gab, bringt im April 2019 mit Common Grounds das zweite Album bei Sessionwork Records heraus. In seiner 6 j\u00e4hrigen Zusammenarbeit hat das Ensemble auf Festivals in Deutschland, Bulgarien, Indien (feat.Atma), Italien und in \u00d6sterreich gespielt und sich in seinen Programmen jeweils von den unterschiedlichen musikalischen Dialekten und dem Lokalkolorit des jeweiligen Lands inspirieren lassen. Im August 2019 reist die Band\u00a0nach Israel zum Sounding Jerusalem Festival &#8211; Jersusalem, selbst ein Konglomerat aus verschiedensten ethnischen Gruppen inklusive babylonischer Sprachverwirrungen und kultureller Diversit\u00e4t &#8211; der ideale N\u00e4hrboden f\u00fcr Tribal Dialects.<\/p>\n<\/div>\n<\/div>\n<div class=\"layoutArea\"><\/div>\n<\/div>\n<\/div>\n<div class=\"page\" title=\"Page 2\">\n<div class=\"section\">\n<div class=\"layoutArea\"><\/div>\n<div class=\"layoutArea\">\n<div class=\"column\">\n<h2>Konzerte:<\/h2>\n<\/div>\n<\/div>\n<div class=\"column\">\n<p><strong>international:<\/strong><\/p>\n<p>2019 Sounding Jerusalem\/Israel \u00d6sterreich<\/p>\n<p>2017 Indien Tour<\/p>\n<p>2017 Trieste Loves Jazz Festival<\/p>\n<p>2015 Jazz Ahead Bremen<\/p>\n<p>2015 Varna Jazz Festival<\/p>\n<p>2014 Jazz Festival Trieste<\/p>\n<\/div>\n<\/div>\n<\/div>\n<p><strong>national:<\/strong><\/p>\n<div class=\"page\" title=\"Page 2\">\n<div class=\"section\">\n<div class=\"column\">\n<p>Jazz Festival Leibnitz<\/p>\n<p>Jazz in der Altsadt\u00a0Salzburg<\/p>\n<p>Jazz Redoute Graz<\/p>\n<p>Jazzwerkstatt Graz<\/p>\n<p>Jazzfest Wien<\/p>\n<p>Murszene Graz<\/p>\n<p>Sessionworks Festival<\/p>\n<\/div>\n<\/div>\n<\/div>\n<\/div><\/section>\n<div  class='hr hr-default '><span class='hr-inner ' ><span class='hr-inner-style'><\/span><\/span><\/div>\n<div  data-size='featured_large'  data-lightbox_size='large'  data-animation='slide'  data-ids='944,945,946,947'  data-video_counter='0'  data-autoplay='false'  data-bg_slider='false'  data-slide_height=''  data-handle='av_slideshow'  data-interval='3'  data-class=''  data-css_id=''  data-scroll_down=''  data-control_layout=''  data-custom_markup=''  data-perma_caption=''  data-autoplay_stopper=''  data-default-height='42'  class='avia-slideshow avia-slideshow-2  av-default-height-applied avia-slideshow-featured_large av_slideshow  avia-slide-slider '  itemscope=\"itemscope\" itemtype=\"https:\/\/schema.org\/ImageObject\" ><ul class='avia-slideshow-inner' style='padding-bottom: 42%;'><li  class=' slide-1 ' ><div data-rel='slideshow-2' class='avia-slide-wrap'  ><img src='http:\/\/www.patrickdunst.at\/wp-content\/uploads\/2019\/02\/PHOTO-2019-03-01-23-34-12-1-1500x630.jpg' width='1500' height='630' title='PHOTO-2019-03-01-23-34-12-1' alt=''  itemprop=\"contentURL\"  \/><\/div><\/li><li  class=' slide-2 ' ><div data-rel='slideshow-2' class='avia-slide-wrap'  ><img src='http:\/\/www.patrickdunst.at\/wp-content\/uploads\/2019\/02\/PHOTO-2019-03-01-23-34-12-3-1500x630.jpg' width='1500' height='630' title='PHOTO-2019-03-01-23-34-12-3' alt=''  itemprop=\"contentURL\"  \/><\/div><\/li><li  class=' slide-3 ' ><div data-rel='slideshow-2' class='avia-slide-wrap'  ><img src='http:\/\/www.patrickdunst.at\/wp-content\/uploads\/2019\/02\/PHOTO-2019-03-01-23-34-12-4-1500x630.jpg' width='1500' height='630' title='PHOTO-2019-03-01-23-34-12-4' alt=''  itemprop=\"contentURL\"  \/><\/div><\/li><li  class=' slide-4 ' ><div data-rel='slideshow-2' class='avia-slide-wrap'  ><img src='http:\/\/www.patrickdunst.at\/wp-content\/uploads\/2019\/02\/PHOTO-2019-03-01-23-34-13-3-1500x630.jpg' width='1500' height='630' title='PHOTO-2019-03-01-23-34-13-3' alt=''  itemprop=\"contentURL\"  \/><\/div><\/li><\/ul><div class='avia-slideshow-arrows avia-slideshow-controls'><a href='#prev' class='prev-slide' aria-hidden='true' data-av_icon='\ue87c' data-av_iconfont='entypo-fontello'>\u041f\u0440\u0435\u0434\u044b\u0434\u0443\u0449\u0438\u0439<\/a><a href='#next' class='next-slide' aria-hidden='true' data-av_icon='\ue87d' data-av_iconfont='entypo-fontello'>\u0421\u043b\u0435\u0434\u0443\u044e\u0449\u0438\u0439<\/a><\/div><div class='avia-slideshow-dots avia-slideshow-controls'><a href='#1' class='goto-slide active' >1<\/a><a href='#2' class='goto-slide ' >2<\/a><a href='#3' class='goto-slide ' >3<\/a><a href='#4' class='goto-slide ' >4<\/a><\/div><\/div>\n<div  class='hr hr-default '><span class='hr-inner ' ><span class='hr-inner-style'><\/span><\/span><\/div>\n<section class=\"av_textblock_section\"  itemscope=\"itemscope\" itemtype=\"https:\/\/schema.org\/CreativeWork\" ><div class='avia_textblock '   itemprop=\"text\" ><h1><span style=\"color: #333300;\">Listen: Tribal Dialects &#8211; Common Grounds<\/span><\/h1>\n<h2><span style=\"color: #999999;\">\u00a0<\/span><\/h2>\n<\/div><\/section>\n<article class=\"iconbox iconbox_left  \"  itemscope=\"itemscope\" itemtype=\"https:\/\/schema.org\/CreativeWork\" ><div class=\"iconbox_content\"><header class=\"entry-content-header\"><div class=\"iconbox_icon heading-color\" aria-hidden='true' data-av_icon='\ue802' data-av_iconfont='entypo-fontello'  ><\/div><h3 class='iconbox_content_title'  itemprop=\"headline\"  >Mr Said<\/h3><\/header><div class='iconbox_content_container '  itemprop=\"text\"  ><h1><a href=\"https:\/\/soundcloud.com\/user7908398\/mr-said\" target=\"_blank\" rel=\"noopener noreferrer\">Mr. Said<\/a><\/h1>\n<\/div><\/div><footer class=\"entry-footer\"><\/footer><\/article>\n<article class=\"iconbox iconbox_left  \"  itemscope=\"itemscope\" itemtype=\"https:\/\/schema.org\/CreativeWork\" ><div class=\"iconbox_content\"><header class=\"entry-content-header\"><div class=\"iconbox_icon heading-color\" aria-hidden='true' data-av_icon='\ue802' data-av_iconfont='entypo-fontello'  ><\/div><h3 class='iconbox_content_title'  itemprop=\"headline\"  >GOFFOR<\/h3><\/header><div class='iconbox_content_container '  itemprop=\"text\"  ><h1><a href=\"https:\/\/soundcloud.com\/user7908398\/goffor\" target=\"_blank\" rel=\"noopener noreferrer\">GOFFOR<\/a><\/h1>\n<\/div><\/div><footer class=\"entry-footer\"><\/footer><\/article>\n<article class=\"iconbox iconbox_left  \"  itemscope=\"itemscope\" itemtype=\"https:\/\/schema.org\/CreativeWork\" ><div class=\"iconbox_content\"><header class=\"entry-content-header\"><div class=\"iconbox_icon heading-color\" aria-hidden='true' data-av_icon='\ue802' data-av_iconfont='entypo-fontello'  ><\/div><h3 class='iconbox_content_title'  itemprop=\"headline\"  >Maria <\/h3><\/header><div class='iconbox_content_container '  itemprop=\"text\"  ><h1><a href=\"https:\/\/soundcloud.com\/user7908398\/maria\" target=\"_blank\" rel=\"noopener noreferrer\">Maria<\/a><\/h1>\n<\/div><\/div><footer class=\"entry-footer\"><\/footer><\/article>\n<div  class='hr hr-default '><span class='hr-inner ' ><span class='hr-inner-style'><\/span><\/span><\/div>\n<section class=\"av_textblock_section\"  itemscope=\"itemscope\" itemtype=\"https:\/\/schema.org\/CreativeWork\" ><div class='avia_textblock '   itemprop=\"text\" ><h1><a href=\"https:\/\/www.dropbox.com\/sh\/elzbad481n1a3w3\/AAAkoVQVAg9wcqIvTEYOMC2aa?dl=0\">PRESSKIT 2019<\/a><\/h1>\n<\/div><\/section>\n<div  class='hr hr-default '><span class='hr-inner ' ><span class='hr-inner-style'><\/span><\/span><\/div>\n<\/div><\/div><\/div><!-- close content main div --><\/div><\/div><div id='full_slider_2' class='avia-fullwidth-slider main_color avia-shadow  container_wrap fullsize'   ><div  data-size='featured_large'  data-lightbox_size='large'  data-animation='slide'  data-ids='953,18,956,955,954,952,951'  data-video_counter='0'  data-autoplay='false'  data-bg_slider='false'  data-slide_height=''  data-handle='av_slideshow_full'  data-interval='3'  data-class=' image_no_stretch'  data-css_id=''  data-scroll_down=''  data-control_layout='av-control-default'  data-custom_markup=''  data-perma_caption=''  data-autoplay_stopper=''  data-src=''  data-position='top left'  data-repeat='no-repeat'  data-attach='scroll'  data-stretch='image_no_stretch'  data-default-height='42'  class='avia-slideshow avia-slideshow-3  av-control-default av-default-height-applied avia-slideshow-featured_large av_slideshow_full  image_no_stretch avia-slide-slider '  itemscope=\"itemscope\" itemtype=\"https:\/\/schema.org\/ImageObject\" ><ul class='avia-slideshow-inner' style='padding-bottom: 75%;'><li  class=' slide-1 ' ><div data-rel='slideshow-3' class='avia-slide-wrap'  ><img src='http:\/\/www.patrickdunst.at\/wp-content\/uploads\/2019\/02\/IMG_1764.jpg' width='480' height='360' title='IMG_1764' alt=''  itemprop=\"contentURL\"  \/><\/div><\/li><li  class=' slide-2 ' ><div data-rel='slideshow-3' class='avia-slide-wrap'  ><img src='http:\/\/www.patrickdunst.at\/wp-content\/uploads\/2015\/09\/india1-1500x630.jpg' width='1500' height='630' title='india1' alt=''  itemprop=\"contentURL\"  \/><\/div><\/li><li  class=' slide-3 ' ><div data-rel='slideshow-3' class='avia-slide-wrap'  ><img src='http:\/\/www.patrickdunst.at\/wp-content\/uploads\/2019\/02\/IMG_2447.jpg' width='1' height='1' title='IMG_2447' alt=''  itemprop=\"contentURL\"  \/><\/div><\/li><li  class=' slide-4 ' ><div data-rel='slideshow-3' class='avia-slide-wrap'  ><img src='http:\/\/www.patrickdunst.at\/wp-content\/uploads\/2019\/02\/IMG_2208.jpg' width='1' height='1' title='IMG_2208' alt=''  itemprop=\"contentURL\"  \/><\/div><\/li><li  class=' slide-5 ' ><div data-rel='slideshow-3' class='avia-slide-wrap'  ><img src='http:\/\/www.patrickdunst.at\/wp-content\/uploads\/2019\/02\/IMG_2160.jpg' width='1' height='1' title='IMG_2160' alt=''  itemprop=\"contentURL\"  \/><\/div><\/li><li  class=' slide-6 ' ><div data-rel='slideshow-3' class='avia-slide-wrap'  ><img src='http:\/\/www.patrickdunst.at\/wp-content\/uploads\/2019\/02\/IMG_2449.jpg' width='1' height='1' title='IMG_2449' alt=''  itemprop=\"contentURL\"  \/><\/div><\/li><li  class=' slide-7 ' ><div data-rel='slideshow-3' class='avia-slide-wrap'  ><img src='http:\/\/www.patrickdunst.at\/wp-content\/uploads\/2019\/02\/IMG_4305.jpg' width='1' height='1' title='IMG_4305' alt=''  itemprop=\"contentURL\"  \/><\/div><\/li><\/ul><div class='avia-slideshow-arrows avia-slideshow-controls'><a href='#prev' class='prev-slide' aria-hidden='true' data-av_icon='\ue87c' data-av_iconfont='entypo-fontello'>\u041f\u0440\u0435\u0434\u044b\u0434\u0443\u0449\u0438\u0439<\/a><a href='#next' class='next-slide' aria-hidden='true' data-av_icon='\ue87d' data-av_iconfont='entypo-fontello'>\u0421\u043b\u0435\u0434\u0443\u044e\u0449\u0438\u0439<\/a><\/div><div class='avia-slideshow-dots avia-slideshow-controls'><a href='#1' class='goto-slide active' >1<\/a><a href='#2' class='goto-slide ' >2<\/a><a href='#3' class='goto-slide ' >3<\/a><a href='#4' class='goto-slide ' >4<\/a><a href='#5' class='goto-slide ' >5<\/a><a href='#6' class='goto-slide ' >6<\/a><a href='#7' class='goto-slide ' >7<\/a><\/div><\/div><\/div>\n","protected":false},"excerpt":{"rendered":"","protected":false},"author":1,"featured_media":0,"parent":76,"menu_order":0,"comment_status":"closed","ping_status":"closed","template":"","meta":[],"translation":{"provider":"WPGlobus","version":"3.0.1","language":"ru","enabled_languages":["en","es","de","fr","ru"],"languages":{"en":{"title":true,"content":true,"excerpt":false},"es":{"title":false,"content":false,"excerpt":false},"de":{"title":false,"content":false,"excerpt":false},"fr":{"title":false,"content":false,"excerpt":false},"ru":{"title":false,"content":false,"excerpt":false}}},"_links":{"self":[{"href":"http:\/\/www.patrickdunst.at\/ru\/wp-json\/wp\/v2\/pages\/905"}],"collection":[{"href":"http:\/\/www.patrickdunst.at\/ru\/wp-json\/wp\/v2\/pages"}],"about":[{"href":"http:\/\/www.patrickdunst.at\/ru\/wp-json\/wp\/v2\/types\/page"}],"author":[{"embeddable":true,"href":"http:\/\/www.patrickdunst.at\/ru\/wp-json\/wp\/v2\/users\/1"}],"replies":[{"embeddable":true,"href":"http:\/\/www.patrickdunst.at\/ru\/wp-json\/wp\/v2\/comments?post=905"}],"version-history":[{"count":29,"href":"http:\/\/www.patrickdunst.at\/ru\/wp-json\/wp\/v2\/pages\/905\/revisions"}],"predecessor-version":[{"id":966,"href":"http:\/\/www.patrickdunst.at\/ru\/wp-json\/wp\/v2\/pages\/905\/revisions\/966"}],"up":[{"embeddable":true,"href":"http:\/\/www.patrickdunst.at\/ru\/wp-json\/wp\/v2\/pages\/76"}],"wp:attachment":[{"href":"http:\/\/www.patrickdunst.at\/ru\/wp-json\/wp\/v2\/media?parent=905"}],"curies":[{"name":"wp","href":"https:\/\/api.w.org\/{rel}","templated":true}]}}